{"id":274,"date":"2020-12-06T23:49:50","date_gmt":"2020-12-06T23:49:50","guid":{"rendered":"https:\/\/socarcapital.az\/main-page\/"},"modified":"2026-04-22T11:27:01","modified_gmt":"2026-04-22T11:27:01","slug":"main-page","status":"publish","type":"page","link":"https:\/\/socarcapital.az\/az\/","title":{"rendered":"Ana s\u0259hif\u0259"},"content":{"rendered":"<p>Ba\u015fda Az\u0259rbaycan v\u0259t\u0259nda\u015flar\u0131 olmaqla, b\u00fct\u00fcn investorlar\u0131n SOCAR g\u0259lirl\u0259rind\u0259n pay \u0259ld\u0259 ed\u0259 bilm\u0259si \u00fc\u00e7\u00fcn t\u0259sis edilmi\u015f bir platformad\u0131r.<\/p>\n","protected":false},"excerpt":{"rendered":"<p>Ba\u015fda Az\u0259rbaycan v\u0259t\u0259nda\u015flar\u0131 olmaqla, b\u00fct\u00fcn investorlar\u0131n SOCAR g\u0259lirl\u0259rind\u0259n pay \u0259ld\u0259 ed\u0259 bilm\u0259si \u00fc\u00e7\u00fcn t\u0259sis edilmi\u015f bir platformad\u0131r.<\/p>\n","protected":false},"author":1,"featured_media":0,"parent":0,"menu_order":0,"comment_status":"closed","ping_status":"closed","template":"page-home.php","meta":{"_acf_changed":false,"_coblocks_attr":"","_coblocks_dimensions":"","_coblocks_responsive_height":"","_coblocks_accordion_ie_support":"","inline_featured_image":false,"footnotes":""},"class_list":["post-274","page","type-page","status-publish","hentry"],"acf":[],"yoast_head":"<!-- This site is optimized with the Yoast SEO plugin v27.4 - https:\/\/yoast.com\/product\/yoast-seo-wordpress\/ -->\n<title>Ana s\u0259hif\u0259 - Socar Capital<\/title>\n<meta name=\"robots\" content=\"index, follow, max-snippet:-1, max-image-preview:large, max-video-preview:-1\" \/>\n<link rel=\"canonical\" href=\"https:\/\/socarcapital.az\/az\/\" \/>\n<meta property=\"og:locale\" content=\"az_AZ\" \/>\n<meta property=\"og:type\" content=\"article\" \/>\n<meta property=\"og:title\" content=\"Ana s\u0259hif\u0259 - Socar Capital\" \/>\n<meta property=\"og:description\" content=\"Ba\u015fda Az\u0259rbaycan v\u0259t\u0259nda\u015flar\u0131 olmaqla, b\u00fct\u00fcn investorlar\u0131n SOCAR g\u0259lirl\u0259rind\u0259n pay \u0259ld\u0259 ed\u0259 bilm\u0259si \u00fc\u00e7\u00fcn t\u0259sis edilmi\u015f bir platformad\u0131r.\" \/>\n<meta property=\"og:url\" content=\"https:\/\/socarcapital.az\/az\/\" \/>\n<meta property=\"og:site_name\" content=\"Socar Capital\" \/>\n<meta property=\"article:modified_time\" content=\"2026-04-22T11:27:01+00:00\" \/>\n<meta name=\"twitter:card\" content=\"summary_large_image\" \/>\n<meta name=\"twitter:label1\" content=\"Est. reading time\" \/>\n\t<meta name=\"twitter:data1\" content=\"1 minute\" \/>\n<script type=\"application\/ld+json\" class=\"yoast-schema-graph\">{\"@context\":\"https:\\\/\\\/schema.org\",\"@graph\":[{\"@type\":\"WebPage\",\"@id\":\"https:\\\/\\\/socarcapital.az\\\/az\\\/\",\"url\":\"https:\\\/\\\/socarcapital.az\\\/az\\\/\",\"name\":\"Ana s\u0259hif\u0259 - Socar Capital\",\"isPartOf\":{\"@id\":\"https:\\\/\\\/socarcapital.az\\\/az\\\/#website\"},\"datePublished\":\"2020-12-06T23:49:50+00:00\",\"dateModified\":\"2026-04-22T11:27:01+00:00\",\"inLanguage\":\"az-AZ\",\"potentialAction\":[{\"@type\":\"ReadAction\",\"target\":[\"https:\\\/\\\/socarcapital.az\\\/az\\\/\"]}]},{\"@type\":\"WebSite\",\"@id\":\"https:\\\/\\\/socarcapital.az\\\/az\\\/#website\",\"url\":\"https:\\\/\\\/socarcapital.az\\\/az\\\/\",\"name\":\"Socar Capital\",\"description\":\"G\u0259l\u0259c\u0259yin Kapital\u0131\",\"potentialAction\":[{\"@type\":\"SearchAction\",\"target\":{\"@type\":\"EntryPoint\",\"urlTemplate\":\"https:\\\/\\\/socarcapital.az\\\/az\\\/?s={search_term_string}\"},\"query-input\":{\"@type\":\"PropertyValueSpecification\",\"valueRequired\":true,\"valueName\":\"search_term_string\"}}],\"inLanguage\":\"az-AZ\"}]}<\/script>\n<!-- \/ Yoast SEO plugin. -->","yoast_head_json":{"title":"Ana s\u0259hif\u0259 - Socar Capital","robots":{"index":"index","follow":"follow","max-snippet":"max-snippet:-1","max-image-preview":"max-image-preview:large","max-video-preview":"max-video-preview:-1"},"canonical":"https:\/\/socarcapital.az\/az\/","og_locale":"az_AZ","og_type":"article","og_title":"Ana s\u0259hif\u0259 - Socar Capital","og_description":"Ba\u015fda Az\u0259rbaycan v\u0259t\u0259nda\u015flar\u0131 olmaqla, b\u00fct\u00fcn investorlar\u0131n SOCAR g\u0259lirl\u0259rind\u0259n pay \u0259ld\u0259 ed\u0259 bilm\u0259si \u00fc\u00e7\u00fcn t\u0259sis edilmi\u015f bir platformad\u0131r.","og_url":"https:\/\/socarcapital.az\/az\/","og_site_name":"Socar Capital","article_modified_time":"2026-04-22T11:27:01+00:00","twitter_card":"summary_large_image","twitter_misc":{"Est. reading time":"1 minute"},"schema":{"@context":"https:\/\/schema.org","@graph":[{"@type":"WebPage","@id":"https:\/\/socarcapital.az\/az\/","url":"https:\/\/socarcapital.az\/az\/","name":"Ana s\u0259hif\u0259 - Socar Capital","isPartOf":{"@id":"https:\/\/socarcapital.az\/az\/#website"},"datePublished":"2020-12-06T23:49:50+00:00","dateModified":"2026-04-22T11:27:01+00:00","inLanguage":"az-AZ","potentialAction":[{"@type":"ReadAction","target":["https:\/\/socarcapital.az\/az\/"]}]},{"@type":"WebSite","@id":"https:\/\/socarcapital.az\/az\/#website","url":"https:\/\/socarcapital.az\/az\/","name":"Socar Capital","description":"G\u0259l\u0259c\u0259yin Kapital\u0131","potentialAction":[{"@type":"SearchAction","target":{"@type":"EntryPoint","urlTemplate":"https:\/\/socarcapital.az\/az\/?s={search_term_string}"},"query-input":{"@type":"PropertyValueSpecification","valueRequired":true,"valueName":"search_term_string"}}],"inLanguage":"az-AZ"}]}},"_links":{"self":[{"href":"https:\/\/socarcapital.az\/az\/wp-json\/wp\/v2\/pages\/274","targetHints":{"allow":["GET"]}}],"collection":[{"href":"https:\/\/socarcapital.az\/az\/wp-json\/wp\/v2\/pages"}],"about":[{"href":"https:\/\/socarcapital.az\/az\/wp-json\/wp\/v2\/types\/page"}],"author":[{"embeddable":true,"href":"https:\/\/socarcapital.az\/az\/wp-json\/wp\/v2\/users\/1"}],"replies":[{"embeddable":true,"href":"https:\/\/socarcapital.az\/az\/wp-json\/wp\/v2\/comments?post=274"}],"version-history":[{"count":612,"href":"https:\/\/socarcapital.az\/az\/wp-json\/wp\/v2\/pages\/274\/revisions"}],"predecessor-version":[{"id":1482,"href":"https:\/\/socarcapital.az\/az\/wp-json\/wp\/v2\/pages\/274\/revisions\/1482"}],"wp:attachment":[{"href":"https:\/\/socarcapital.az\/az\/wp-json\/wp\/v2\/media?parent=274"}],"curies":[{"name":"wp","href":"https:\/\/api.w.org\/{rel}","templated":true}]}}